{"id":1851,"date":"2023-05-13T17:30:12","date_gmt":"2023-05-13T15:30:12","guid":{"rendered":"https:\/\/drluchian.com\/?page_id=1851"},"modified":"2024-03-27T22:16:05","modified_gmt":"2024-03-27T21:16:05","slug":"diagnostic","status":"publish","type":"page","link":"https:\/\/drluchian.com\/ro\/diagnostic\/","title":{"rendered":"Diagnostic"},"content":{"rendered":"<div data-elementor-type=\"wp-page\" data-elementor-id=\"1851\" class=\"elementor elementor-1851\">\n\t\t\t\t\t\t<section class=\"elementor-section elementor-top-section elementor-element elementor-element-kravdax elementor-section-full_width elementor-section-content-middle elementor-reverse-mobile elementor-section-height-default elementor-section-height-default\" data-id=\"kravdax\" data-element_type=\"section\" data-settings=\"{&quot;background_background&quot;:&quot;classic&quot;}\">\n\t\t\t\t\t\t<div class=\"elementor-container elementor-column-gap-no\">\n\t\t\t\t\t<div class=\"elementor-column elementor-col-50 elementor-top-column elementor-element elementor-element-79db928\" data-id=\"79db928\" data-element_type=\"column\" data-settings=\"{&quot;background_background&quot;:&quot;classic&quot;}\">\n\t\t\t<div class=\"elementor-widget-wrap elementor-element-populated\">\n\t\t\t\t\t\t<section class=\"elementor-section elementor-inner-section elementor-element elementor-element-c8c67ab elementor-section-boxed elementor-section-height-default elementor-section-height-default\" data-id=\"c8c67ab\" data-element_type=\"section\">\n\t\t\t\t\t\t<div class=\"elementor-container elementor-column-gap-no\">\n\t\t\t\t\t<div class=\"elementor-column elementor-col-100 elementor-inner-column elementor-element elementor-element-7c813f9\" data-id=\"7c813f9\" data-element_type=\"column\">\n\t\t\t<div class=\"elementor-widget-wrap elementor-element-populated\">\n\t\t\t\t\t\t<div class=\"elementor-element elementor-element-ab78d7d elementor-widget__width-initial elementor-widget elementor-widget-text-editor\" data-id=\"ab78d7d\" data-element_type=\"widget\" data-widget_type=\"text-editor.default\">\n\t\t\t\t<div class=\"elementor-widget-container\">\n\t\t\t<style>\/*! elementor - v3.22.0 - 26-06-2024 *\/\n.elementor-widget-text-editor.elementor-drop-cap-view-stacked .elementor-drop-cap{background-color:#69727d;color:#fff}.elementor-widget-text-editor.elementor-drop-cap-view-framed .elementor-drop-cap{color:#69727d;border:3px solid;background-color:transparent}.elementor-widget-text-editor:not(.elementor-drop-cap-view-default) .elementor-drop-cap{margin-top:8px}.elementor-widget-text-editor:not(.elementor-drop-cap-view-default) .elementor-drop-cap-letter{width:1em;height:1em}.elementor-widget-text-editor .elementor-drop-cap{float:left;text-align:center;line-height:1;font-size:50px}.elementor-widget-text-editor .elementor-drop-cap-letter{display:inline-block}<\/style>\t\t\t\t<p>Chaque personne est diff\u00e9rente.<\/p><p>Chaque personne a une anatomie diff\u00e9rente.<\/p><p>Chaque personne r\u00e9agit diff\u00e9remment \u00e0 une intervention chirurgicale.<\/p><p>C\u2019est pourquoi un r\u00e9sultat ne peut \u00eatre reproduit exactement d\u2019une personne \u00e0 une autre.<\/p>\t\t\t\t\t\t<\/div>\n\t\t\t\t<\/div>\n\t\t\t\t\t<\/div>\n\t\t<\/div>\n\t\t\t\t\t<\/div>\n\t\t<\/section>\n\t\t\t\t\t<\/div>\n\t\t<\/div>\n\t\t\t\t<div class=\"elementor-column elementor-col-50 elementor-top-column elementor-element elementor-element-3e66579\" data-id=\"3e66579\" data-element_type=\"column\">\n\t\t\t<div class=\"elementor-widget-wrap elementor-element-populated\">\n\t\t\t\t\t\t<div class=\"elementor-element elementor-element-01688fa elementor-widget__width-initial elementor-widget elementor-widget-image\" data-id=\"01688fa\" data-element_type=\"widget\" data-widget_type=\"image.default\">\n\t\t\t\t<div class=\"elementor-widget-container\">\n\t\t\t<style>\/*! elementor - v3.22.0 - 26-06-2024 *\/\n.elementor-widget-image{text-align:center}.elementor-widget-image a{display:inline-block}.elementor-widget-image a img[src$=\".svg\"]{width:48px}.elementor-widget-image img{vertical-align:middle;display:inline-block}<\/style>\t\t\t\t\t\t\t\t\t\t<img fetchpriority=\"high\" decoding=\"async\" width=\"736\" height=\"1103\" src=\"https:\/\/drluchian.com\/wp-content\/uploads\/2024\/03\/Catharina-Zeitner.jpg\" class=\"attachment-full size-full wp-image-6278\" alt=\"\" srcset=\"https:\/\/drluchian.com\/wp-content\/uploads\/2024\/03\/Catharina-Zeitner.jpg 736w, https:\/\/drluchian.com\/wp-content\/uploads\/2024\/03\/Catharina-Zeitner-200x300.jpg 200w, https:\/\/drluchian.com\/wp-content\/uploads\/2024\/03\/Catharina-Zeitner-683x1024.jpg 683w, https:\/\/drluchian.com\/wp-content\/uploads\/2024\/03\/Catharina-Zeitner-8x12.jpg 8w\" sizes=\"(max-width: 736px) 100vw, 736px\" \/>\t\t\t\t\t\t\t\t\t\t\t\t\t<\/div>\n\t\t\t\t<\/div>\n\t\t\t\t\t<\/div>\n\t\t<\/div>\n\t\t\t\t\t<\/div>\n\t\t<\/section>\n\t\t\t\t<section class=\"elementor-section elementor-top-section elementor-element elementor-element-a11b00d elementor-section-boxed elementor-section-height-default elementor-section-height-default\" data-id=\"a11b00d\" data-element_type=\"section\">\n\t\t\t\t\t\t<div class=\"elementor-container elementor-column-gap-default\">\n\t\t\t\t\t<div class=\"elementor-column elementor-col-100 elementor-top-column elementor-element elementor-element-96eb336\" data-id=\"96eb336\" data-element_type=\"column\">\n\t\t\t<div class=\"elementor-widget-wrap elementor-element-populated\">\n\t\t\t\t\t\t<div class=\"elementor-element elementor-element-0503527 elementor-widget-divider--view-line elementor-widget elementor-widget-divider\" data-id=\"0503527\" data-element_type=\"widget\" data-widget_type=\"divider.default\">\n\t\t\t\t<div class=\"elementor-widget-container\">\n\t\t\t<style>\/*! elementor - v3.22.0 - 26-06-2024 *\/\n.elementor-widget-divider{--divider-border-style:none;--divider-border-width:1px;--divider-color:#0c0d0e;--divider-icon-size:20px;--divider-element-spacing:10px;--divider-pattern-height:24px;--divider-pattern-size:20px;--divider-pattern-url:none;--divider-pattern-repeat:repeat-x}.elementor-widget-divider .elementor-divider{display:flex}.elementor-widget-divider .elementor-divider__text{font-size:15px;line-height:1;max-width:95%}.elementor-widget-divider .elementor-divider__element{margin:0 var(--divider-element-spacing);flex-shrink:0}.elementor-widget-divider .elementor-icon{font-size:var(--divider-icon-size)}.elementor-widget-divider .elementor-divider-separator{display:flex;margin:0;direction:ltr}.elementor-widget-divider--view-line_icon .elementor-divider-separator,.elementor-widget-divider--view-line_text .elementor-divider-separator{align-items:center}.elementor-widget-divider--view-line_icon .elementor-divider-separator:after,.elementor-widget-divider--view-line_icon .elementor-divider-separator:before,.elementor-widget-divider--view-line_text .elementor-divider-separator:after,.elementor-widget-divider--view-line_text .elementor-divider-separator:before{display:block;content:\"\";border-block-end:0;flex-grow:1;border-block-start:var(--divider-border-width) var(--divider-border-style) var(--divider-color)}.elementor-widget-divider--element-align-left .elementor-divider .elementor-divider-separator>.elementor-divider__svg:first-of-type{flex-grow:0;flex-shrink:100}.elementor-widget-divider--element-align-left .elementor-divider-separator:before{content:none}.elementor-widget-divider--element-align-left .elementor-divider__element{margin-left:0}.elementor-widget-divider--element-align-right .elementor-divider .elementor-divider-separator>.elementor-divider__svg:last-of-type{flex-grow:0;flex-shrink:100}.elementor-widget-divider--element-align-right .elementor-divider-separator:after{content:none}.elementor-widget-divider--element-align-right .elementor-divider__element{margin-right:0}.elementor-widget-divider--element-align-start .elementor-divider .elementor-divider-separator>.elementor-divider__svg:first-of-type{flex-grow:0;flex-shrink:100}.elementor-widget-divider--element-align-start .elementor-divider-separator:before{content:none}.elementor-widget-divider--element-align-start .elementor-divider__element{margin-inline-start:0}.elementor-widget-divider--element-align-end .elementor-divider .elementor-divider-separator>.elementor-divider__svg:last-of-type{flex-grow:0;flex-shrink:100}.elementor-widget-divider--element-align-end .elementor-divider-separator:after{content:none}.elementor-widget-divider--element-align-end .elementor-divider__element{margin-inline-end:0}.elementor-widget-divider:not(.elementor-widget-divider--view-line_text):not(.elementor-widget-divider--view-line_icon) .elementor-divider-separator{border-block-start:var(--divider-border-width) var(--divider-border-style) var(--divider-color)}.elementor-widget-divider--separator-type-pattern{--divider-border-style:none}.elementor-widget-divider--separator-type-pattern.elementor-widget-divider--view-line .elementor-divider-separator,.elementor-widget-divider--separator-type-pattern:not(.elementor-widget-divider--view-line) .elementor-divider-separator:after,.elementor-widget-divider--separator-type-pattern:not(.elementor-widget-divider--view-line) .elementor-divider-separator:before,.elementor-widget-divider--separator-type-pattern:not([class*=elementor-widget-divider--view]) .elementor-divider-separator{width:100%;min-height:var(--divider-pattern-height);-webkit-mask-size:var(--divider-pattern-size) 100%;mask-size:var(--divider-pattern-size) 100%;-webkit-mask-repeat:var(--divider-pattern-repeat);mask-repeat:var(--divider-pattern-repeat);background-color:var(--divider-color);-webkit-mask-image:var(--divider-pattern-url);mask-image:var(--divider-pattern-url)}.elementor-widget-divider--no-spacing{--divider-pattern-size:auto}.elementor-widget-divider--bg-round{--divider-pattern-repeat:round}.rtl .elementor-widget-divider .elementor-divider__text{direction:rtl}.e-con-inner>.elementor-widget-divider,.e-con>.elementor-widget-divider{width:var(--container-widget-width,100%);--flex-grow:var(--container-widget-flex-grow)}<\/style>\t\t<div class=\"elementor-divider\">\n\t\t\t<span class=\"elementor-divider-separator\">\n\t\t\t\t\t\t<\/span>\n\t\t<\/div>\n\t\t\t\t<\/div>\n\t\t\t\t<\/div>\n\t\t\t\t<div class=\"elementor-element elementor-element-fa1d7e1 elementor-widget elementor-widget-text-editor\" data-id=\"fa1d7e1\" data-element_type=\"widget\" data-widget_type=\"text-editor.default\">\n\t\t\t\t<div class=\"elementor-widget-container\">\n\t\t\t\t\t\t\t<p><span style=\"text-decoration: underline;\"><strong>Cliquez sur une zone pour avoir des informations sur les interventions<\/strong><\/span><\/p>\t\t\t\t\t\t<\/div>\n\t\t\t\t<\/div>\n\t\t\t\t\t<\/div>\n\t\t<\/div>\n\t\t\t\t\t<\/div>\n\t\t<\/section>\n\t\t\t\t<section class=\"elementor-section elementor-top-section elementor-element elementor-element-e0521a1 elementor-section-boxed elementor-section-height-default elementor-section-height-default\" data-id=\"e0521a1\" data-element_type=\"section\">\n\t\t\t\t\t\t<div class=\"elementor-container elementor-column-gap-default\">\n\t\t\t\t\t<div class=\"elementor-column elementor-col-100 elementor-top-column elementor-element elementor-element-3f941fe\" data-id=\"3f941fe\" data-element_type=\"column\">\n\t\t\t<div class=\"elementor-widget-wrap elementor-element-populated\">\n\t\t\t\t\t\t<div class=\"elementor-element elementor-element-ab9a4c0 elementor-widget__width-inherit elementor-widget elementor-widget-shortcode\" data-id=\"ab9a4c0\" data-element_type=\"widget\" data-widget_type=\"shortcode.default\">\n\t\t\t\t<div class=\"elementor-widget-container\">\n\t\t\t\t\t<div class=\"elementor-shortcode\"><!-- vision begin -->\n<div class=\"vision-map vision-map-1\"data-json-src=\"https:\/\/drluchian.com\/ro\/wp-json\/vision\/v1\/item\/1\" data-item-id=\"1\" tabindex=\"1\" style=\"display:none;\" >\n<div class=\"vision-store\">\n<div class=\"vision-layers-data\">\n<div class=\"vision-layer\" data-layer-id=\"eebc9475\"><\/div>\n<div class=\"vision-layer\" data-layer-id=\"d32db75f\"><\/div>\n<div class=\"vision-layer\" data-layer-id=\"8af18f5f\"><\/div>\n<div class=\"vision-layer\" data-layer-id=\"2fb7b7ab\"><\/div>\n<div class=\"vision-layer\" data-layer-id=\"a2fbb53d\"><\/div>\n<div class=\"vision-layer\" data-layer-id=\"626e273c\"><\/div>\n<div class=\"vision-layer\" data-layer-id=\"b784d4a4\"><\/div>\n<div class=\"vision-layer\" data-layer-id=\"e515ef1d\"><\/div>\n<div class=\"vision-layer\" data-layer-id=\"3a5aab2a\"><\/div>\n<div class=\"vision-layer\" data-layer-id=\"943c4546\"><\/div>\n<div class=\"vision-layer\" data-layer-id=\"37f346ce\"><\/div>\n<div class=\"vision-layer\" data-layer-id=\"b62091d9\"><\/div>\n<div class=\"vision-layer\" data-layer-id=\"6bca46b3\"><\/div>\n<div class=\"vision-layer\" data-layer-id=\"c479e390\"><\/div>\n<\/div>\n<div class=\"vision-tooltips-data\">\n<div class=\"vision-data\" data-layer-id=\"eebc9475\"><p>Fox Eyes<\/p><\/div>\n<div class=\"vision-data\" data-layer-id=\"d32db75f\"><p>Bl\u00e9pharoplastie<\/p><\/div>\n<div class=\"vision-data\" data-layer-id=\"8af18f5f\"><p>Bl\u00e9pharoplastie<\/p><\/div>\n<div class=\"vision-data\" data-layer-id=\"2fb7b7ab\"><p><a href=\"https:\/\/drluchian.com\/ro\/lipoaspiration\/\">Lipoaspiration<\/a><\/p>\n<p><a href=\"https:\/\/drluchian.com\/ro\/lifting-des-bras\/\">Lifting des bras<\/a><\/p><\/div>\n<div class=\"vision-data\" data-layer-id=\"a2fbb53d\"><p><a href=\"https:\/\/drluchian.com\/ro\/lipoaspiration\/\">Lipoaspiration<\/a><\/p>\n<p><a href=\"https:\/\/drluchian.com\/ro\/lifting-des-bras\/\">Lifting des bras<\/a><\/p><\/div>\n<div class=\"vision-data\" data-layer-id=\"626e273c\"><p>Rhinoplastie<\/p><\/div>\n<div class=\"vision-data\" data-layer-id=\"b784d4a4\"><p>Lifting facial<\/p><\/div>\n<div class=\"vision-data\" data-layer-id=\"e515ef1d\"><p><a href=\"https:\/\/drluchian.com\/ro\/injections-d-acide-hyaluronique\/\">Injections d'acide hyaluronique<\/a><\/p>\n<p><a href=\"https:\/\/drluchian.com\/ro\/injections-de-toxique-botulique\/\">Injections de toxine botulique<\/a><\/p><\/div>\n<div class=\"vision-data\" data-layer-id=\"3a5aab2a\"><p><a href=\"https:\/\/drluchian.com\/ro\/augmentation-mammaire\/\">Augmentation mammaire<\/a><\/p>\n<p><a href=\"https:\/\/drluchian.com\/ro\/reduction-mammaire\/\">R\u00e9duction mammaire<\/a><\/p>\n<p><a href=\"https:\/\/drluchian.com\/ro\/lifting-mammaire\/\">Lifting mammaire<\/a><\/p>\n<p><a href=\"https:\/\/drluchian.com\/ro\/lipofilling-mammaire\/\">Lipofilling mammaire<\/a><\/p>\n<p><a href=\"https:\/\/drluchian.com\/ro\/gynecomastie\/\">Gyn\u00e9comastie<\/a><\/p><\/div>\n<div class=\"vision-data\" data-layer-id=\"943c4546\"><p><a href=\"https:\/\/drluchian.com\/ro\/lipoaspiration\/\">Lipoaspiration<\/a><\/p>\n<p><a href=\"https:\/\/drluchian.com\/ro\/abdominoplastie\/\">Abdominoplastie<\/a><\/p><\/div>\n<div class=\"vision-data\" data-layer-id=\"37f346ce\"><p><a href=\"https:\/\/drluchian.com\/ro\/lipoaspiration\/\">Lipoaspiration<\/a><\/p>\n<p><a href=\"https:\/\/drluchian.com\/ro\/lifting-des-cuisses\/\">Lifting des cuisses<\/a><\/p>\n<p><a href=\"https:\/\/drluchian.com\/ro\/lipofilling-des-fesses-bbl\/\">Lipofilling des fesses (BBL)<\/a><\/p><\/div>\n<div class=\"vision-data\" data-layer-id=\"b62091d9\"><p><a href=\"https:\/\/drluchian.com\/ro\/lipoaspiration\/\">Lipoaspiration<\/a><\/p>\n<p><a href=\"https:\/\/drluchian.com\/ro\/lifting-des-cuisses\/\">Lifting des cuisses<\/a><\/p>\n<p><a href=\"https:\/\/drluchian.com\/ro\/lipofilling-des-fesses-bbl\/\">Lipofilling des fesses (BBL)<\/a><\/p><\/div>\n<div class=\"vision-data\" data-layer-id=\"6bca46b3\"><p>Liposuccion des jambes<\/p><\/div>\n<div class=\"vision-data\" data-layer-id=\"c479e390\"><p>Liposuccion des jambes<\/p><\/div>\n<\/div>\n<div class=\"vision-popovers-data\">\n<div class=\"vision-data\" data-layer-id=\"eebc9475\"><\/div>\n<div class=\"vision-data\" data-layer-id=\"d32db75f\"><\/div>\n<div class=\"vision-data\" data-layer-id=\"8af18f5f\"><\/div>\n<div class=\"vision-data\" data-layer-id=\"2fb7b7ab\"><\/div>\n<div class=\"vision-data\" data-layer-id=\"a2fbb53d\"><\/div>\n<div class=\"vision-data\" data-layer-id=\"626e273c\"><\/div>\n<div class=\"vision-data\" data-layer-id=\"b784d4a4\"><\/div>\n<div class=\"vision-data\" data-layer-id=\"e515ef1d\"><\/div>\n<div class=\"vision-data\" data-layer-id=\"3a5aab2a\"><\/div>\n<div class=\"vision-data\" data-layer-id=\"943c4546\"><\/div>\n<div class=\"vision-data\" data-layer-id=\"37f346ce\"><\/div>\n<div class=\"vision-data\" data-layer-id=\"b62091d9\"><\/div>\n<div class=\"vision-data\" data-layer-id=\"6bca46b3\"><\/div>\n<div class=\"vision-data\" data-layer-id=\"c479e390\"><\/div>\n<\/div>\n<\/div>\n<\/div>\n<!-- vision end -->\n<\/div>\n\t\t\t\t<\/div>\n\t\t\t\t<\/div>\n\t\t\t\t\t<\/div>\n\t\t<\/div>\n\t\t\t\t\t<\/div>\n\t\t<\/section>\n\t\t\t\t<section class=\"elementor-section elementor-top-section elementor-element elementor-element-d43e832 elementor-section-boxed elementor-section-height-default elementor-section-height-default\" data-id=\"d43e832\" data-element_type=\"section\" data-settings=\"{&quot;background_background&quot;:&quot;classic&quot;}\">\n\t\t\t\t\t\t<div class=\"elementor-container elementor-column-gap-default\">\n\t\t\t\t\t<div class=\"elementor-column elementor-col-100 elementor-top-column elementor-element elementor-element-2f46dac\" data-id=\"2f46dac\" data-element_type=\"column\">\n\t\t\t<div class=\"elementor-widget-wrap elementor-element-populated\">\n\t\t\t\t\t\t<div class=\"elementor-element elementor-element-088d1ec elementor-widget elementor-widget-heading\" data-id=\"088d1ec\" data-element_type=\"widget\" data-widget_type=\"heading.default\">\n\t\t\t\t<div class=\"elementor-widget-container\">\n\t\t\t<style>\/*! elementor - v3.22.0 - 26-06-2024 *\/\n.elementor-heading-title{padding:0;margin:0;line-height:1}.elementor-widget-heading .elementor-heading-title[class*=elementor-size-]>a{color:inherit;font-size:inherit;line-height:inherit}.elementor-widget-heading .elementor-heading-title.elementor-size-small{font-size:15px}.elementor-widget-heading .elementor-heading-title.elementor-size-medium{font-size:19px}.elementor-widget-heading .elementor-heading-title.elementor-size-large{font-size:29px}.elementor-widget-heading .elementor-heading-title.elementor-size-xl{font-size:39px}.elementor-widget-heading .elementor-heading-title.elementor-size-xxl{font-size:59px}<\/style><h2 class=\"elementor-heading-title elementor-size-default\">Dr. Luchian<\/h2>\t\t<\/div>\n\t\t\t\t<\/div>\n\t\t\t\t<div class=\"elementor-element elementor-element-f068abc elementor-widget-divider--view-line_text elementor-widget-divider--element-align-center elementor-widget elementor-widget-divider\" data-id=\"f068abc\" data-element_type=\"widget\" data-widget_type=\"divider.default\">\n\t\t\t\t<div class=\"elementor-widget-container\">\n\t\t\t\t\t<div class=\"elementor-divider\">\n\t\t\t<span class=\"elementor-divider-separator\">\n\t\t\t\t\t\t\t<span class=\"elementor-divider__text elementor-divider__element\">\n\t\t\t\tChirurgie Esth\u00e9tique\t\t\t\t<\/span>\n\t\t\t\t\t\t<\/span>\n\t\t<\/div>\n\t\t\t\t<\/div>\n\t\t\t\t<\/div>\n\t\t\t\t\t<\/div>\n\t\t<\/div>\n\t\t\t\t\t<\/div>\n\t\t<\/section>\n\t\t\t\t<\/div>","protected":false},"excerpt":{"rendered":"<p>Chaque personne est diff\u00e9rente. Chaque personne a une anatomie diff\u00e9rente. Chaque personne r\u00e9agit diff\u00e9remment \u00e0 une intervention chirurgicale. C\u2019est pourquoi un r\u00e9sultat ne peut \u00eatre reproduit exactement d\u2019une personne \u00e0 une autre. Cliquez sur une zone pour avoir des informations sur les interventions Dr. Luchian Chirurgie Esth\u00e9tique<\/p>","protected":false},"author":1,"featured_media":0,"parent":0,"menu_order":0,"comment_status":"closed","ping_status":"closed","template":"elementor_header_footer","meta":{"site-sidebar-layout":"no-sidebar","site-content-layout":"page-builder","ast-site-content-layout":"","site-content-style":"default","site-sidebar-style":"default","ast-global-header-display":"","ast-banner-title-visibility":"","ast-main-header-display":"","ast-hfb-above-header-display":"","ast-hfb-below-header-display":"","ast-hfb-mobile-header-display":"","site-post-title":"disabled","ast-breadcrumbs-content":"","ast-featured-img":"disabled","footer-sml-layout":"","theme-transparent-header-meta":"","adv-header-id-meta":"","stick-header-meta":"","header-above-stick-meta":"","header-main-stick-meta":"","header-below-stick-meta":"","astra-migrate-meta-layouts":"default","ast-page-background-enabled":"default","ast-page-background-meta":{"desktop":{"background-color":"var(--ast-global-color-4)","background-image":"","background-repeat":"repeat","background-position":"center center","background-size":"auto","background-attachment":"scroll","background-type":"","background-media":"","overlay-type":"","overlay-color":"","overlay-opacity":"","overlay-gradient":""},"tablet":{"background-color":"","background-image":"","background-repeat":"repeat","background-position":"center center","background-size":"auto","background-attachment":"scroll","background-type":"","background-media":"","overlay-type":"","overlay-color":"","overlay-opacity":"","overlay-gradient":""},"mobile":{"background-color":"","background-image":"","background-repeat":"repeat","background-position":"center center","background-size":"auto","background-attachment":"scroll","background-type":"","background-media":"","overlay-type":"","overlay-color":"","overlay-opacity":"","overlay-gradient":""}},"ast-content-background-meta":{"desktop":{"background-color":"var(--ast-global-color-5)","background-image":"","background-repeat":"repeat","background-position":"center center","background-size":"auto","background-attachment":"scroll","background-type":"","background-media":"","overlay-type":"","overlay-color":"","overlay-opacity":"","overlay-gradient":""},"tablet":{"background-color":"var(--ast-global-color-5)","background-image":"","background-repeat":"repeat","background-position":"center center","background-size":"auto","background-attachment":"scroll","background-type":"","background-media":"","overlay-type":"","overlay-color":"","overlay-opacity":"","overlay-gradient":""},"mobile":{"background-color":"var(--ast-global-color-5)","background-image":"","background-repeat":"repeat","background-position":"center center","background-size":"auto","background-attachment":"scroll","background-type":"","background-media":"","overlay-type":"","overlay-color":"","overlay-opacity":"","overlay-gradient":""}},"footnotes":""},"class_list":["post-1851","page","type-page","status-publish","hentry"],"_links":{"self":[{"href":"https:\/\/drluchian.com\/ro\/wp-json\/wp\/v2\/pages\/1851","targetHints":{"allow":["GET"]}}],"collection":[{"href":"https:\/\/drluchian.com\/ro\/wp-json\/wp\/v2\/pages"}],"about":[{"href":"https:\/\/drluchian.com\/ro\/wp-json\/wp\/v2\/types\/page"}],"author":[{"embeddable":true,"href":"https:\/\/drluchian.com\/ro\/wp-json\/wp\/v2\/users\/1"}],"replies":[{"embeddable":true,"href":"https:\/\/drluchian.com\/ro\/wp-json\/wp\/v2\/comments?post=1851"}],"version-history":[{"count":188,"href":"https:\/\/drluchian.com\/ro\/wp-json\/wp\/v2\/pages\/1851\/revisions"}],"predecessor-version":[{"id":7265,"href":"https:\/\/drluchian.com\/ro\/wp-json\/wp\/v2\/pages\/1851\/revisions\/7265"}],"wp:attachment":[{"href":"https:\/\/drluchian.com\/ro\/wp-json\/wp\/v2\/media?parent=1851"}],"curies":[{"name":"wp","href":"https:\/\/api.w.org\/{rel}","templated":true}]}}